{"id":388,"date":"2020-10-10T18:58:56","date_gmt":"2020-10-10T18:58:56","guid":{"rendered":"http:\/\/miriamaguiar.com.br\/blog\/?page_id=388"},"modified":"2026-01-08T01:58:47","modified_gmt":"2026-01-08T01:58:47","slug":"cursos","status":"publish","type":"page","link":"https:\/\/www.miriamaguiar.com.br\/blog\/cursos\/","title":{"rendered":"Cursos"},"content":{"rendered":"\n<figure class=\"wp-block-image alignfull size-large\"><img loading=\"lazy\" decoding=\"async\" width=\"1024\" height=\"160\" src=\"https:\/\/www.miriamaguiar.com.br\/blog\/wp-content\/uploads\/2021\/03\/cafa_fundo.png\" alt=\"\" class=\"wp-image-834\" srcset=\"https:\/\/www.miriamaguiar.com.br\/blog\/wp-content\/uploads\/2021\/03\/cafa_fundo.png 1024w, https:\/\/www.miriamaguiar.com.br\/blog\/wp-content\/uploads\/2021\/03\/cafa_fundo-324x51.png 324w, https:\/\/www.miriamaguiar.com.br\/blog\/wp-content\/uploads\/2021\/03\/cafa_fundo-416x65.png 416w, https:\/\/www.miriamaguiar.com.br\/blog\/wp-content\/uploads\/2021\/03\/cafa_fundo-300x47.png 300w, https:\/\/www.miriamaguiar.com.br\/blog\/wp-content\/uploads\/2021\/03\/cafa_fundo-768x120.png 768w\" sizes=\"auto, (max-width: 1024px) 100vw, 1024px\" \/><\/figure>\n\n\n\n<h4 class=\"wp-block-heading has-text-align-center\" id=\"sao-varios-passaportes-pelos-quais-o-aluno-vai-evoluindo-seu-grau-de-conhecimento-e-adquirindo-mais-referencias-sobre-distintas-regioes-e-tipos-de-vinhos-confira-abaixo-as-proximas-turmas-disponiveis\">S\u00e3o v\u00e1rios Passaportes, pelos quais o aluno vai evoluindo seu grau de conhecimento e adquirindo mais refer\u00eancias sobre distintas regi\u00f5es e tipos de vinhos. Confira abaixo as pr\u00f3ximas turmas dispon\u00edveis.<\/h4>\n\n\n\n<div style=\"height:20px\" aria-hidden=\"true\" class=\"wp-block-spacer\"><\/div>\n\n\n\n\n\n<div class=\"wp-block-media-text is-stacked-on-mobile\" style=\"grid-template-columns:43% auto\"><figure class=\"wp-block-media-text__media\"><img loading=\"lazy\" decoding=\"async\" width=\"1024\" height=\"1024\" src=\"https:\/\/www.miriamaguiar.com.br\/blog\/wp-content\/uploads\/2026\/01\/Passaporte_3_vinhos_europeus_feed-1-1024x1024.png\" alt=\"\" class=\"wp-image-2207 size-full\" srcset=\"https:\/\/www.miriamaguiar.com.br\/blog\/wp-content\/uploads\/2026\/01\/Passaporte_3_vinhos_europeus_feed-1-1024x1024.png 1024w, https:\/\/www.miriamaguiar.com.br\/blog\/wp-content\/uploads\/2026\/01\/Passaporte_3_vinhos_europeus_feed-1-300x300.png 300w, https:\/\/www.miriamaguiar.com.br\/blog\/wp-content\/uploads\/2026\/01\/Passaporte_3_vinhos_europeus_feed-1-150x150.png 150w, https:\/\/www.miriamaguiar.com.br\/blog\/wp-content\/uploads\/2026\/01\/Passaporte_3_vinhos_europeus_feed-1-768x768.png 768w, https:\/\/www.miriamaguiar.com.br\/blog\/wp-content\/uploads\/2026\/01\/Passaporte_3_vinhos_europeus_feed-1.png 1080w\" sizes=\"auto, (max-width: 1024px) 100vw, 1024px\" \/><\/figure><div class=\"wp-block-media-text__content\">\n<h4 class=\"wp-block-heading\">Passaporte 3 &#8211; Vinhos Eupopeus<\/h4>\n\n\n\n<p>Dias: 26\/01, 02, 07 e 28\/02*, 10 e 16\/03, 06\/04 das 19h \u00e0s 22h30<\/p>\n\n\n\n<p>*Nos dias 07 e 28\/02 (s\u00e1bados), as aulas ser\u00e3o de 13h \u00e0s 16h30<\/p>\n\n\n\n<p>Mais informa\u00e7\u00f5es: <strong>cafabrasil@gmail.com<\/strong><\/p>\n<\/div><\/div>\n\n\n\n<hr class=\"wp-block-separator has-css-opacity\"\/>\n\n\n\n<figure class=\"wp-block-image alignfull size-large\"><img loading=\"lazy\" decoding=\"async\" width=\"1024\" height=\"160\" src=\"https:\/\/www.miriamaguiar.com.br\/blog\/wp-content\/uploads\/2021\/03\/wine_master_fundo.png\" alt=\"\" class=\"wp-image-832\" srcset=\"https:\/\/www.miriamaguiar.com.br\/blog\/wp-content\/uploads\/2021\/03\/wine_master_fundo.png 1024w, https:\/\/www.miriamaguiar.com.br\/blog\/wp-content\/uploads\/2021\/03\/wine_master_fundo-324x51.png 324w, https:\/\/www.miriamaguiar.com.br\/blog\/wp-content\/uploads\/2021\/03\/wine_master_fundo-416x65.png 416w, https:\/\/www.miriamaguiar.com.br\/blog\/wp-content\/uploads\/2021\/03\/wine_master_fundo-300x47.png 300w, https:\/\/www.miriamaguiar.com.br\/blog\/wp-content\/uploads\/2021\/03\/wine_master_fundo-768x120.png 768w\" sizes=\"auto, (max-width: 1024px) 100vw, 1024px\" \/><\/figure>\n\n\n\n<h4 class=\"wp-block-heading has-text-align-center\" id=\"temas-variados-sobre-vinhos-abordados-online-e-presencialmente-com-degustacao-de-vinhos-confira-abaixo-as-proximas-turmas-disponiveis\">Temas variados sobre vinhos abordados online e presencialmente com Degusta\u00e7\u00e3o de Vinhos. Confira abaixo as pr\u00f3ximas turmas dispon\u00edveis.<\/h4>\n\n\n\n<div style=\"height:20px\" aria-hidden=\"true\" class=\"wp-block-spacer\"><\/div>\n\n\n\n<div class=\"wp-block-media-text is-stacked-on-mobile\" style=\"grid-template-columns:43% auto\"><figure class=\"wp-block-media-text__media\"><img loading=\"lazy\" decoding=\"async\" width=\"1024\" height=\"1024\" src=\"https:\/\/www.miriamaguiar.com.br\/blog\/wp-content\/uploads\/2026\/01\/post_degustacao_as_cegas_beaujolais_feed2-1024x1024.png\" alt=\"\" class=\"wp-image-2208 size-full\" srcset=\"https:\/\/www.miriamaguiar.com.br\/blog\/wp-content\/uploads\/2026\/01\/post_degustacao_as_cegas_beaujolais_feed2-1024x1024.png 1024w, https:\/\/www.miriamaguiar.com.br\/blog\/wp-content\/uploads\/2026\/01\/post_degustacao_as_cegas_beaujolais_feed2-300x300.png 300w, https:\/\/www.miriamaguiar.com.br\/blog\/wp-content\/uploads\/2026\/01\/post_degustacao_as_cegas_beaujolais_feed2-150x150.png 150w, https:\/\/www.miriamaguiar.com.br\/blog\/wp-content\/uploads\/2026\/01\/post_degustacao_as_cegas_beaujolais_feed2-768x768.png 768w, https:\/\/www.miriamaguiar.com.br\/blog\/wp-content\/uploads\/2026\/01\/post_degustacao_as_cegas_beaujolais_feed2.png 1080w\" sizes=\"auto, (max-width: 1024px) 100vw, 1024px\" \/><\/figure><div class=\"wp-block-media-text__content\">\n<h4 class=\"wp-block-heading\">Vinhos de Beaujolais<\/h4>\n\n\n\n<p>Dia: 27\/01as 19h30<\/p>\n\n\n\n<p>Beaujolais \u00e9 muito mais do que o vinho Nouveau! Conhe\u00e7a melhor a regi\u00e3o a sul da Borgonha, as particularidades do terroir e estilos de vinhos produzidos. <\/p>\n\n\n\n<p>Mais informa\u00e7\u00f5es: <strong>maguiarvinhos@gmail.com<\/strong><\/p>\n<\/div><\/div>\n\n\n\n\n\n<div style=\"height:30px\" aria-hidden=\"true\" class=\"wp-block-spacer\"><\/div>\n","protected":false},"excerpt":{"rendered":"<p>S\u00e3o v\u00e1rios Passaportes, pelos quais o aluno vai evoluindo seu grau de conhecimento e adquirindo mais refer\u00eancias sobre distintas regi\u00f5es e tipos de vinhos. Confira abaixo as pr\u00f3ximas turmas dispon\u00edveis. [&hellip;]<\/p>\n","protected":false},"author":2,"featured_media":394,"parent":0,"menu_order":0,"comment_status":"closed","ping_status":"closed","template":"","meta":{"_uag_custom_page_level_css":"","footnotes":""},"class_list":["post-388","page","type-page","status-publish","has-post-thumbnail","hentry"],"uagb_featured_image_src":{"full":false,"thumbnail":false,"medium":false,"medium_large":false,"large":false,"1536x1536":false,"2048x2048":false,"purosa_thumbnail":false,"purosa_medium":false,"purosa_medium_large":false,"purosa_featured_large":false,"purosa_large":false},"uagb_author_info":{"display_name":"M\u00edriam Aguiar","author_link":"https:\/\/www.miriamaguiar.com.br\/blog\/author\/adm_miriamaguiar\/"},"uagb_comment_info":0,"uagb_excerpt":"S\u00e3o v\u00e1rios Passaportes, pelos quais o aluno vai evoluindo seu grau de conhecimento e adquirindo mais refer\u00eancias sobre distintas regi\u00f5es e tipos de vinhos. Confira abaixo as pr\u00f3ximas turmas dispon\u00edveis. [&hellip;]","_links":{"self":[{"href":"https:\/\/www.miriamaguiar.com.br\/blog\/wp-json\/wp\/v2\/pages\/388","targetHints":{"allow":["GET"]}}],"collection":[{"href":"https:\/\/www.miriamaguiar.com.br\/blog\/wp-json\/wp\/v2\/pages"}],"about":[{"href":"https:\/\/www.miriamaguiar.com.br\/blog\/wp-json\/wp\/v2\/types\/page"}],"author":[{"embeddable":true,"href":"https:\/\/www.miriamaguiar.com.br\/blog\/wp-json\/wp\/v2\/users\/2"}],"replies":[{"embeddable":true,"href":"https:\/\/www.miriamaguiar.com.br\/blog\/wp-json\/wp\/v2\/comments?post=388"}],"version-history":[{"count":147,"href":"https:\/\/www.miriamaguiar.com.br\/blog\/wp-json\/wp\/v2\/pages\/388\/revisions"}],"predecessor-version":[{"id":2209,"href":"https:\/\/www.miriamaguiar.com.br\/blog\/wp-json\/wp\/v2\/pages\/388\/revisions\/2209"}],"wp:featuredmedia":[{"embeddable":true,"href":"https:\/\/www.miriamaguiar.com.br\/blog\/wp-json\/"}],"wp:attachment":[{"href":"https:\/\/www.miriamaguiar.com.br\/blog\/wp-json\/wp\/v2\/media?parent=388"}],"curies":[{"name":"wp","href":"https:\/\/api.w.org\/{rel}","templated":true}]}}