{"id":321,"date":"2020-10-02T01:45:04","date_gmt":"2020-10-02T01:45:04","guid":{"rendered":"http:\/\/miriamaguiar.com.br\/blog\/?page_id=321"},"modified":"2022-04-07T02:18:30","modified_gmt":"2022-04-07T02:18:30","slug":"podcast-vinhos-etc","status":"publish","type":"page","link":"https:\/\/www.miriamaguiar.com.br\/blog\/podcast-vinhos-etc\/","title":{"rendered":"Podcast"},"content":{"rendered":"\n<h2 class=\"wp-block-heading\">Vinhos etc by M\u00edriam Aguiar<\/h2>\n\n\n\n<p>Este \u00e9 uma s\u00e9rie de \u00e1udios sobre vinhos, que pretende oferecer e refor\u00e7ar conhecimentos sobre o tema, de forma simples e por meio de recortes que propiciem uma melhor apreens\u00e3o dos conceitos. Clareza e corre\u00e7\u00e3o dos ensinamentos, com exemplos e sugest\u00e3o de vinhos que permitam melhor conhecer os produtos. Voc\u00ea pode ouvir aqui ou nos sites abaixo:<\/p>\n\n\n\n<figure class=\"wp-block-table is-style-regular\"><table class=\"has-fixed-layout\"><tbody><tr><td class=\"has-text-align-center\" data-align=\"center\"><a href=\"https:\/\/podcasts.apple.com\/br\/podcast\/vinhos-etc-by-m%C3%ADriam-aguiar\/id1505401017\" data-type=\"URL\" data-id=\"https:\/\/podcasts.apple.com\/br\/podcast\/vinhos-etc-by-m%C3%ADriam-aguiar\/id1505401017\" target=\"_blank\" rel=\"noreferrer noopener\"><img loading=\"lazy\" decoding=\"async\" width=\"50\" height=\"50\" class=\"wp-image-721\" style=\"width: 50px;\" src=\"https:\/\/www.miriamaguiar.com.br\/blog\/wp-content\/uploads\/2021\/03\/apple-podcasts-logo-4.png\" alt=\"\" srcset=\"https:\/\/www.miriamaguiar.com.br\/blog\/wp-content\/uploads\/2021\/03\/apple-podcasts-logo-4.png 400w, https:\/\/www.miriamaguiar.com.br\/blog\/wp-content\/uploads\/2021\/03\/apple-podcasts-logo-4-324x325.png 324w, https:\/\/www.miriamaguiar.com.br\/blog\/wp-content\/uploads\/2021\/03\/apple-podcasts-logo-4-100x100.png 100w, https:\/\/www.miriamaguiar.com.br\/blog\/wp-content\/uploads\/2021\/03\/apple-podcasts-logo-4-300x300.png 300w, https:\/\/www.miriamaguiar.com.br\/blog\/wp-content\/uploads\/2021\/03\/apple-podcasts-logo-4-150x150.png 150w\" sizes=\"auto, (max-width: 50px) 100vw, 50px\" \/><\/a><\/td><td class=\"has-text-align-center\" data-align=\"center\"><a href=\"https:\/\/www.breaker.audio\/vinhos-etc-by-miriam-aguiar\" data-type=\"URL\" data-id=\"https:\/\/www.breaker.audio\/vinhos-etc-by-miriam-aguiar\" target=\"_blank\" rel=\"noreferrer noopener\"><img loading=\"lazy\" decoding=\"async\" width=\"50\" height=\"50\" class=\"wp-image-723\" style=\"width: 50px;\" src=\"https:\/\/www.miriamaguiar.com.br\/blog\/wp-content\/uploads\/2021\/03\/icon-breaker.png\" alt=\"\" srcset=\"https:\/\/www.miriamaguiar.com.br\/blog\/wp-content\/uploads\/2021\/03\/icon-breaker.png 1024w, https:\/\/www.miriamaguiar.com.br\/blog\/wp-content\/uploads\/2021\/03\/icon-breaker-324x324.png 324w, https:\/\/www.miriamaguiar.com.br\/blog\/wp-content\/uploads\/2021\/03\/icon-breaker-100x100.png 100w, https:\/\/www.miriamaguiar.com.br\/blog\/wp-content\/uploads\/2021\/03\/icon-breaker-416x416.png 416w, https:\/\/www.miriamaguiar.com.br\/blog\/wp-content\/uploads\/2021\/03\/icon-breaker-300x300.png 300w, https:\/\/www.miriamaguiar.com.br\/blog\/wp-content\/uploads\/2021\/03\/icon-breaker-150x150.png 150w, https:\/\/www.miriamaguiar.com.br\/blog\/wp-content\/uploads\/2021\/03\/icon-breaker-768x768.png 768w\" sizes=\"auto, (max-width: 50px) 100vw, 50px\" \/><\/a><\/td><td class=\"has-text-align-center\" data-align=\"center\"><a href=\"https:\/\/podcasts.google.com\/feed\/aHR0cHM6Ly9hbmNob3IuZm0vcy8xODhjOTcxNC9wb2RjYXN0L3Jzcw==\" data-type=\"URL\" data-id=\"https:\/\/podcasts.google.com\/feed\/aHR0cHM6Ly9hbmNob3IuZm0vcy8xODhjOTcxNC9wb2RjYXN0L3Jzcw==\" target=\"_blank\" rel=\"noreferrer noopener\"><img loading=\"lazy\" decoding=\"async\" width=\"50\" height=\"58\" class=\"wp-image-722\" style=\"width: 50px;\" src=\"https:\/\/www.miriamaguiar.com.br\/blog\/wp-content\/uploads\/2021\/03\/google-podcasts-logo-7.png\" alt=\"\" srcset=\"https:\/\/www.miriamaguiar.com.br\/blog\/wp-content\/uploads\/2021\/03\/google-podcasts-logo-7.png 1100w, https:\/\/www.miriamaguiar.com.br\/blog\/wp-content\/uploads\/2021\/03\/google-podcasts-logo-7-324x376.png 324w, https:\/\/www.miriamaguiar.com.br\/blog\/wp-content\/uploads\/2021\/03\/google-podcasts-logo-7-416x483.png 416w, https:\/\/www.miriamaguiar.com.br\/blog\/wp-content\/uploads\/2021\/03\/google-podcasts-logo-7-258x300.png 258w, https:\/\/www.miriamaguiar.com.br\/blog\/wp-content\/uploads\/2021\/03\/google-podcasts-logo-7-881x1024.png 881w, https:\/\/www.miriamaguiar.com.br\/blog\/wp-content\/uploads\/2021\/03\/google-podcasts-logo-7-768x892.png 768w\" sizes=\"auto, (max-width: 50px) 100vw, 50px\" \/><\/a><\/td><td class=\"has-text-align-center\" data-align=\"center\"><a href=\"https:\/\/overcast.fm\/login\" data-type=\"URL\" data-id=\"https:\/\/overcast.fm\/login\" target=\"_blank\" rel=\"noreferrer noopener\"><img loading=\"lazy\" decoding=\"async\" width=\"50\" height=\"50\" class=\"wp-image-725\" style=\"width: 50px;\" src=\"https:\/\/www.miriamaguiar.com.br\/blog\/wp-content\/uploads\/2021\/03\/overcast.png\" alt=\"\" srcset=\"https:\/\/www.miriamaguiar.com.br\/blog\/wp-content\/uploads\/2021\/03\/overcast.png 512w, https:\/\/www.miriamaguiar.com.br\/blog\/wp-content\/uploads\/2021\/03\/overcast-324x324.png 324w, https:\/\/www.miriamaguiar.com.br\/blog\/wp-content\/uploads\/2021\/03\/overcast-100x100.png 100w, https:\/\/www.miriamaguiar.com.br\/blog\/wp-content\/uploads\/2021\/03\/overcast-416x416.png 416w, https:\/\/www.miriamaguiar.com.br\/blog\/wp-content\/uploads\/2021\/03\/overcast-300x300.png 300w, https:\/\/www.miriamaguiar.com.br\/blog\/wp-content\/uploads\/2021\/03\/overcast-150x150.png 150w\" sizes=\"auto, (max-width: 50px) 100vw, 50px\" \/><\/a><\/td><td class=\"has-text-align-center\" data-align=\"center\"><a href=\"https:\/\/pca.st\/yt45gs23\" data-type=\"URL\" data-id=\"https:\/\/pca.st\/yt45gs23\" target=\"_blank\" rel=\"noreferrer noopener\"><img loading=\"lazy\" decoding=\"async\" width=\"50\" height=\"48\" class=\"wp-image-727\" style=\"width: 50px;\" src=\"https:\/\/www.miriamaguiar.com.br\/blog\/wp-content\/uploads\/2021\/03\/pocket-casts-logo.png\" alt=\"\" srcset=\"https:\/\/www.miriamaguiar.com.br\/blog\/wp-content\/uploads\/2021\/03\/pocket-casts-logo.png 363w, https:\/\/www.miriamaguiar.com.br\/blog\/wp-content\/uploads\/2021\/03\/pocket-casts-logo-324x311.png 324w, https:\/\/www.miriamaguiar.com.br\/blog\/wp-content\/uploads\/2021\/03\/pocket-casts-logo-300x288.png 300w\" sizes=\"auto, (max-width: 50px) 100vw, 50px\" \/><\/a><\/td><td class=\"has-text-align-center\" data-align=\"center\"><a href=\"https:\/\/radiopublic.com\/vinhos-etc-by-mriam-aguiar-GKBRzE\" data-type=\"URL\" data-id=\"https:\/\/radiopublic.com\/vinhos-etc-by-mriam-aguiar-GKBRzE\" target=\"_blank\" rel=\"noreferrer noopener\"><img loading=\"lazy\" decoding=\"async\" width=\"50\" height=\"50\" class=\"wp-image-728\" style=\"width: 50px;\" src=\"https:\/\/www.miriamaguiar.com.br\/blog\/wp-content\/uploads\/2021\/03\/radiopublic-app-icon@3x.png\" alt=\"\" srcset=\"https:\/\/www.miriamaguiar.com.br\/blog\/wp-content\/uploads\/2021\/03\/radiopublic-app-icon@3x.png 240w, https:\/\/www.miriamaguiar.com.br\/blog\/wp-content\/uploads\/2021\/03\/radiopublic-app-icon@3x-100x100.png 100w, https:\/\/www.miriamaguiar.com.br\/blog\/wp-content\/uploads\/2021\/03\/radiopublic-app-icon@3x-150x150.png 150w\" sizes=\"auto, (max-width: 50px) 100vw, 50px\" \/><\/a><\/td><td class=\"has-text-align-center\" data-align=\"center\"><a href=\"https:\/\/open.spotify.com\/show\/1FeihXXyBDmUArGIMfEvcU\" data-type=\"URL\" data-id=\"https:\/\/open.spotify.com\/show\/1FeihXXyBDmUArGIMfEvcU\" target=\"_blank\" rel=\"noreferrer noopener\"><img loading=\"lazy\" decoding=\"async\" width=\"50\" height=\"50\" class=\"wp-image-724\" style=\"width: 50px;\" src=\"https:\/\/www.miriamaguiar.com.br\/blog\/wp-content\/uploads\/2021\/03\/logo-spotify-icon-1536.png\" alt=\"\" srcset=\"https:\/\/www.miriamaguiar.com.br\/blog\/wp-content\/uploads\/2021\/03\/logo-spotify-icon-1536.png 1536w, https:\/\/www.miriamaguiar.com.br\/blog\/wp-content\/uploads\/2021\/03\/logo-spotify-icon-1536-324x324.png 324w, https:\/\/www.miriamaguiar.com.br\/blog\/wp-content\/uploads\/2021\/03\/logo-spotify-icon-1536-100x100.png 100w, https:\/\/www.miriamaguiar.com.br\/blog\/wp-content\/uploads\/2021\/03\/logo-spotify-icon-1536-416x416.png 416w, https:\/\/www.miriamaguiar.com.br\/blog\/wp-content\/uploads\/2021\/03\/logo-spotify-icon-1536-300x300.png 300w, https:\/\/www.miriamaguiar.com.br\/blog\/wp-content\/uploads\/2021\/03\/logo-spotify-icon-1536-1024x1024.png 1024w, https:\/\/www.miriamaguiar.com.br\/blog\/wp-content\/uploads\/2021\/03\/logo-spotify-icon-1536-150x150.png 150w, https:\/\/www.miriamaguiar.com.br\/blog\/wp-content\/uploads\/2021\/03\/logo-spotify-icon-1536-768x768.png 768w\" sizes=\"auto, (max-width: 50px) 100vw, 50px\" \/><\/a><\/td><td class=\"has-text-align-center\" data-align=\"center\"><a href=\"https:\/\/anchor.fm\/s\/188c9714\/podcast\/rss\" data-type=\"URL\" data-id=\"https:\/\/anchor.fm\/s\/188c9714\/podcast\/rss\" target=\"_blank\" rel=\"noreferrer noopener\"><img loading=\"lazy\" decoding=\"async\" width=\"50\" height=\"50\" class=\"wp-image-726\" style=\"width: 50px;\" src=\"https:\/\/www.miriamaguiar.com.br\/blog\/wp-content\/uploads\/2021\/03\/pngwing.com_.png\" alt=\"\" srcset=\"https:\/\/www.miriamaguiar.com.br\/blog\/wp-content\/uploads\/2021\/03\/pngwing.com_.png 512w, https:\/\/www.miriamaguiar.com.br\/blog\/wp-content\/uploads\/2021\/03\/pngwing.com_-324x324.png 324w, https:\/\/www.miriamaguiar.com.br\/blog\/wp-content\/uploads\/2021\/03\/pngwing.com_-100x100.png 100w, https:\/\/www.miriamaguiar.com.br\/blog\/wp-content\/uploads\/2021\/03\/pngwing.com_-416x416.png 416w, https:\/\/www.miriamaguiar.com.br\/blog\/wp-content\/uploads\/2021\/03\/pngwing.com_-300x300.png 300w, https:\/\/www.miriamaguiar.com.br\/blog\/wp-content\/uploads\/2021\/03\/pngwing.com_-150x150.png 150w\" sizes=\"auto, (max-width: 50px) 100vw, 50px\" \/><\/a><\/td><\/tr><\/tbody><\/table><\/figure>\n\n\n\n<iframe loading=\"lazy\" src=\"https:\/\/anchor.fm\/miriam-aguiar\/embed\/episodes\/33--Tipos-Vinhos-Doces-e1gebb2\" height=\"200px\" width=\"800px\" frameborder=\"0\" scrolling=\"no\"><\/iframe>\n\n\n\n<iframe loading=\"lazy\" src=\"https:\/\/anchor.fm\/miriam-aguiar\/embed\/episodes\/32--Regio-Rueda--Espanha-e1d3083\/a-a1pvsb\" scrolling=\"no\" width=\"800px\" height=\"200px\" frameborder=\"0\"><\/iframe>\n\n\n\n<iframe loading=\"lazy\" src=\"https:\/\/anchor.fm\/miriam-aguiar\/embed\/episodes\/31--Retrospectiva-2021-e1c6jhq\/a-a1pvsb\" scrolling=\"no\" width=\"800px\" height=\"200px\" frameborder=\"0\"><\/iframe>\n\n\n\n<iframe loading=\"lazy\" src=\"https:\/\/anchor.fm\/miriam-aguiar\/embed\/episodes\/30--Tipos-Vinhos-de-Altitude-eunp4a\/a-a1pvsb\" scrolling=\"no\" width=\"800px\" height=\"200px\" frameborder=\"0\"><\/iframe>\n\n\n\n<iframe loading=\"lazy\" src=\"https:\/\/anchor.fm\/miriam-aguiar\/embed\/episodes\/29--Cepas-Corte-GSM-ethgpi\" scrolling=\"no\" width=\"800px\" height=\"200px\" frameborder=\"0\"><\/iframe>\n\n\n\n<iframe loading=\"lazy\" src=\"https:\/\/anchor.fm\/miriam-aguiar\/embed\/episodes\/28--Degustao-O-Feminino-no-Vinho-es26kk\" scrolling=\"no\" width=\"800px\" height=\"200px\" frameborder=\"0\"><\/iframe>\n\n\n\n<iframe loading=\"lazy\" src=\"https:\/\/anchor.fm\/miriam-aguiar\/embed\/episodes\/27--Regio-Vale-do-Loire-eqgr1a\" scrolling=\"no\" width=\"800px\" height=\"200px\" frameborder=\"0\"><\/iframe>\n\n\n\n<iframe loading=\"lazy\" src=\"https:\/\/anchor.fm\/miriam-aguiar\/embed\/episodes\/26--Tipos-Vinhos-Brancos-epdg6n\" scrolling=\"no\" width=\"800px\" height=\"200px\" frameborder=\"0\"><\/iframe>\n\n\n\n<iframe loading=\"lazy\" src=\"https:\/\/anchor.fm\/miriam-aguiar\/embed\/episodes\/25--Cepas-Riesling-eoib7b\/a-a1pvsb\" scrolling=\"no\" width=\"800px\" height=\"200px\" frameborder=\"0\"><\/iframe>\n\n\n\n<iframe loading=\"lazy\" src=\"https:\/\/anchor.fm\/miriam-aguiar\/embed\/episodes\/24--Degustao-Festas-de-Fim-de-Ano-eo3gqd\" scrolling=\"no\" width=\"800px\" height=\"200px\" frameborder=\"0\"><\/iframe>\n\n\n\n<iframe loading=\"lazy\" src=\"https:\/\/anchor.fm\/miriam-aguiar\/embed\/episodes\/23--Regies-Borgonha-enepri\/a-a1pvsb\" scrolling=\"no\" width=\"800px\" height=\"200px\" frameborder=\"0\"><\/iframe>\n\n\n\n<iframe loading=\"lazy\" src=\"https:\/\/anchor.fm\/miriam-aguiar\/embed\/episodes\/22--Cepas-Touriga-Nacional-emqkpi\" scrolling=\"no\" width=\"800px\" height=\"200px\" frameborder=\"0\"><\/iframe>\n\n\n\n<iframe loading=\"lazy\" src=\"https:\/\/anchor.fm\/miriam-aguiar\/embed\/episodes\/21--Tipos-Elevage-Sur-Lie-em6ue7\/a-a1pvsb\" scrolling=\"no\" width=\"800px\" height=\"200px\" frameborder=\"0\"><\/iframe>\n\n\n\n<iframe loading=\"lazy\" src=\"https:\/\/anchor.fm\/miriam-aguiar\/embed\/episodes\/20--Regies-La-Rioja-elfu2r\" scrolling=\"no\" width=\"800px\" height=\"200px\" frameborder=\"0\"><\/iframe>\n\n\n\n<iframe loading=\"lazy\" src=\"https:\/\/anchor.fm\/miriam-aguiar\/embed\/episodes\/Cepa-Merlot-ekrjmb\" scrolling=\"no\" width=\"800px\" height=\"200px\" frameborder=\"0\"><\/iframe>\n\n\n\n<iframe loading=\"lazy\" src=\"https:\/\/anchor.fm\/miriam-aguiar\/embed\/episodes\/18--Tipos-Vinhos-Espumantes-ek3765\/a-a1pvsb\" scrolling=\"no\" width=\"800px\" height=\"200px\" frameborder=\"0\"><\/iframe>\n\n\n\n<iframe loading=\"lazy\" src=\"https:\/\/anchor.fm\/miriam-aguiar\/embed\/episodes\/17--Regies-Vinhos-Verdes-eje57g\/a-a1pvsb\" scrolling=\"no\" width=\"800px\" height=\"200px\" frameborder=\"0\"><\/iframe>\n\n\n\n<iframe loading=\"lazy\" src=\"https:\/\/anchor.fm\/miriam-aguiar\/embed\/episodes\/16--Cepas-Tempranillo-eir5kn\/a-a1pvsb\" scrolling=\"no\" width=\"800px\" height=\"200px\" frameborder=\"0\"><\/iframe>\n\n\n\n<iframe loading=\"lazy\" src=\"https:\/\/anchor.fm\/miriam-aguiar\/embed\/episodes\/15--Degustao-Anlise-Sensorial-de-Vinhos-ei91vp\/a-a1pvsb\" scrolling=\"no\" width=\"800px\" height=\"200px\" frameborder=\"0\"><\/iframe>\n\n\n\n<iframe loading=\"lazy\" src=\"https:\/\/anchor.fm\/miriam-aguiar\/embed\/episodes\/14--Cepas-Sangiovese-ehfkck\/a-a1pvsb\" scrolling=\"no\" width=\"800px\" height=\"200px\" frameborder=\"0\"><\/iframe>\n\n\n\n<iframe loading=\"lazy\" src=\"https:\/\/anchor.fm\/miriam-aguiar\/embed\/episodes\/13--Degustao-Os-Defeitos-dos-Vinhos-egvi7j\/a-a1pvsb\" scrolling=\"no\" width=\"800px\" height=\"200px\" frameborder=\"0\"><\/iframe>\n\n\n\n<iframe loading=\"lazy\" src=\"https:\/\/anchor.fm\/miriam-aguiar\/embed\/episodes\/12--Degustao-Os-Aroma-dos-Vinhos-eganpr\/a-a1pvsb\" scrolling=\"no\" width=\"800px\" height=\"200px\" frameborder=\"0\"><\/iframe>\n\n\n\n<iframe loading=\"lazy\" src=\"https:\/\/anchor.fm\/miriam-aguiar\/embed\/episodes\/11--Cepas-Malbec--Cot-eou-Auxerrois-efp2rj\/a-a1pvsb\" scrolling=\"no\" width=\"800px\" height=\"200px\" frameborder=\"0\"><\/iframe>\n\n\n\n<iframe loading=\"lazy\" src=\"https:\/\/anchor.fm\/miriam-aguiar\/embed\/episodes\/10--Harmonizao-entre-Vinhos-e-Pratos-efdv0p\/a-a1pvsb\" scrolling=\"no\" width=\"800px\" height=\"200px\" frameborder=\"0\"><\/iframe>\n\n\n\n<iframe loading=\"lazy\" src=\"https:\/\/anchor.fm\/miriam-aguiar\/embed\/episodes\/9--Regies-Vinhos-Brasileiros-eerbnl\/a-a1pvsb\" scrolling=\"no\" width=\"800px\" height=\"200px\" frameborder=\"0\"><\/iframe>\n\n\n\n<iframe loading=\"lazy\" src=\"https:\/\/anchor.fm\/miriam-aguiar\/embed\/episodes\/8--Cepas-Primitivo-x-Zinfandel-eeh9ao\/a-a1pvsb\" scrolling=\"no\" width=\"800px\" height=\"200px\" frameborder=\"0\"><\/iframe>\n\n\n\n<iframe loading=\"lazy\" src=\"https:\/\/anchor.fm\/miriam-aguiar\/embed\/episodes\/7--Tipos-Vinhos-Organicos-ee3vjp\/a-a1pvsb\" scrolling=\"no\" width=\"800px\" height=\"200px\" frameborder=\"0\"><\/iframe>\n\n\n\n<iframe loading=\"lazy\" src=\"https:\/\/anchor.fm\/miriam-aguiar\/embed\/episodes\/6--Degustao-Evoluo-e-envelhecimento-do-Vinho-edpu2d\/a-a1pvsb\" scrolling=\"no\" width=\"800px\" height=\"200px\" frameborder=\"0\"><\/iframe>\n\n\n\n<iframe loading=\"lazy\" src=\"https:\/\/anchor.fm\/miriam-aguiar\/embed\/episodes\/5--Cepas-Syrah--Shiraz-edf5r8\/a-a1pvsb\" scrolling=\"no\" width=\"800px\" height=\"200px\" frameborder=\"0\"><\/iframe>\n\n\n\n<iframe loading=\"lazy\" src=\"https:\/\/anchor.fm\/miriam-aguiar\/embed\/episodes\/4--Tipos-Vinhos-de-Mesa-X-Vinhos-Finos-ed5jhn\/a-a1pvsb\" scrolling=\"no\" width=\"800px\" height=\"200px\" frameborder=\"0\"><\/iframe>\n\n\n\n<iframe loading=\"lazy\" src=\"https:\/\/anchor.fm\/miriam-aguiar\/embed\/episodes\/3--Cepas-Cabernet-Sauvignon-X-Pinot-Noir-ecq6v2\/a-a1pvsb\" scrolling=\"no\" width=\"800px\" height=\"200px\" frameborder=\"0\"><\/iframe>\n\n\n\n<iframe loading=\"lazy\" src=\"https:\/\/anchor.fm\/miriam-aguiar\/embed\/episodes\/2--Tipos-Vinhos-Ross-ecgsub\/a-a1pvsb\" scrolling=\"no\" width=\"800px\" height=\"200px\" frameborder=\"0\"><\/iframe>\n\n\n\n<iframe loading=\"lazy\" src=\"https:\/\/anchor.fm\/miriam-aguiar\/embed\/episodes\/1--Cepas-Chardonnay-X-Sauvignon-Blanc-ec47vk\/a-a1pvsb\" scrolling=\"no\" width=\"800px\" height=\"200px\" frameborder=\"0\"><\/iframe>\n\n\n\n<hr class=\"wp-block-separator\"\/>\n","protected":false},"excerpt":{"rendered":"<p>Vinhos etc by M\u00edriam Aguiar Este \u00e9 uma s\u00e9rie de \u00e1udios sobre vinhos, que pretende oferecer e refor\u00e7ar conhecimentos sobre o tema, de forma simples e por meio de recortes [&hellip;]<\/p>\n","protected":false},"author":2,"featured_media":731,"parent":0,"menu_order":0,"comment_status":"closed","ping_status":"closed","template":"","meta":{"_uag_custom_page_level_css":"","footnotes":""},"class_list":["post-321","page","type-page","status-publish","has-post-thumbnail","hentry"],"uagb_featured_image_src":{"full":["https:\/\/www.miriamaguiar.com.br\/blog\/wp-content\/uploads\/2021\/03\/room-X_YWxDBdtJU-unsplash-scaled-e1615387368186.jpg",2560,1081,false],"thumbnail":["https:\/\/www.miriamaguiar.com.br\/blog\/wp-content\/uploads\/2021\/03\/room-X_YWxDBdtJU-unsplash-scaled-e1615387368186-150x150.jpg",150,150,true],"medium":["https:\/\/www.miriamaguiar.com.br\/blog\/wp-content\/uploads\/2021\/03\/room-X_YWxDBdtJU-unsplash-scaled-e1615387368186-300x127.jpg",300,127,true],"medium_large":["https:\/\/www.miriamaguiar.com.br\/blog\/wp-content\/uploads\/2021\/03\/room-X_YWxDBdtJU-unsplash-scaled-e1615387368186-768x324.jpg",768,324,true],"large":["https:\/\/www.miriamaguiar.com.br\/blog\/wp-content\/uploads\/2021\/03\/room-X_YWxDBdtJU-unsplash-scaled-e1615387368186-1024x432.jpg",1024,432,true],"1536x1536":["https:\/\/www.miriamaguiar.com.br\/blog\/wp-content\/uploads\/2021\/03\/room-X_YWxDBdtJU-unsplash-scaled-e1615387368186-1536x649.jpg",1536,649,true],"2048x2048":["https:\/\/www.miriamaguiar.com.br\/blog\/wp-content\/uploads\/2021\/03\/room-X_YWxDBdtJU-unsplash-scaled-e1615387368186-2048x865.jpg",2048,865,true],"purosa_thumbnail":["https:\/\/www.miriamaguiar.com.br\/blog\/wp-content\/uploads\/2021\/03\/room-X_YWxDBdtJU-unsplash-scaled-e1615387368186-100x75.jpg",100,75,true],"purosa_medium":["https:\/\/www.miriamaguiar.com.br\/blog\/wp-content\/uploads\/2021\/03\/room-X_YWxDBdtJU-unsplash-scaled-e1615387368186-370x259.jpg",370,259,true],"purosa_medium_large":["https:\/\/www.miriamaguiar.com.br\/blog\/wp-content\/uploads\/2021\/03\/room-X_YWxDBdtJU-unsplash-scaled-e1615387368186-570x399.jpg",570,399,true],"purosa_featured_large":["https:\/\/www.miriamaguiar.com.br\/blog\/wp-content\/uploads\/2021\/03\/room-X_YWxDBdtJU-unsplash-scaled-e1615387368186-770x482.jpg",770,482,true],"purosa_large":["https:\/\/www.miriamaguiar.com.br\/blog\/wp-content\/uploads\/2021\/03\/room-X_YWxDBdtJU-unsplash-scaled-e1615387368186-1170x480.jpg",1170,480,true]},"uagb_author_info":{"display_name":"M\u00edriam Aguiar","author_link":"https:\/\/www.miriamaguiar.com.br\/blog\/author\/adm_miriamaguiar\/"},"uagb_comment_info":0,"uagb_excerpt":"Vinhos etc by M\u00edriam Aguiar Este \u00e9 uma s\u00e9rie de \u00e1udios sobre vinhos, que pretende oferecer e refor\u00e7ar conhecimentos sobre o tema, de forma simples e por meio de recortes [&hellip;]","_links":{"self":[{"href":"https:\/\/www.miriamaguiar.com.br\/blog\/wp-json\/wp\/v2\/pages\/321","targetHints":{"allow":["GET"]}}],"collection":[{"href":"https:\/\/www.miriamaguiar.com.br\/blog\/wp-json\/wp\/v2\/pages"}],"about":[{"href":"https:\/\/www.miriamaguiar.com.br\/blog\/wp-json\/wp\/v2\/types\/page"}],"author":[{"embeddable":true,"href":"https:\/\/www.miriamaguiar.com.br\/blog\/wp-json\/wp\/v2\/users\/2"}],"replies":[{"embeddable":true,"href":"https:\/\/www.miriamaguiar.com.br\/blog\/wp-json\/wp\/v2\/comments?post=321"}],"version-history":[{"count":14,"href":"https:\/\/www.miriamaguiar.com.br\/blog\/wp-json\/wp\/v2\/pages\/321\/revisions"}],"predecessor-version":[{"id":1325,"href":"https:\/\/www.miriamaguiar.com.br\/blog\/wp-json\/wp\/v2\/pages\/321\/revisions\/1325"}],"wp:featuredmedia":[{"embeddable":true,"href":"https:\/\/www.miriamaguiar.com.br\/blog\/wp-json\/wp\/v2\/media\/731"}],"wp:attachment":[{"href":"https:\/\/www.miriamaguiar.com.br\/blog\/wp-json\/wp\/v2\/media?parent=321"}],"curies":[{"name":"wp","href":"https:\/\/api.w.org\/{rel}","templated":true}]}}